{"id":3175,"date":"2024-10-22T11:05:21","date_gmt":"2024-10-22T09:05:21","guid":{"rendered":"https:\/\/www.riscontraconsulting.mc\/contacter-rcs\/"},"modified":"2025-04-01T10:14:22","modified_gmt":"2025-04-01T08:14:22","slug":"services-de-consulting-informatique","status":"publish","type":"page","link":"https:\/\/www.riscontraconsulting.mc\/fr\/services-de-consulting-informatique\/","title":{"rendered":"Services de consulting informatique"},"content":{"rendered":"\t\t<div data-elementor-type=\"wp-page\" data-elementor-id=\"3175\" class=\"elementor elementor-3175 elementor-1487\">\n\t\t\t\t<div class=\"elementor-element elementor-element-884c6c2 e-con-full e-flex e-con e-parent\" data-id=\"884c6c2\" data-element_type=\"container\" data-e-type=\"container\">\n\t\t\t\t<div class=\"elementor-element elementor-element-78c8337 elementor-widget elementor-widget-aixor-about-hero\" data-id=\"78c8337\" data-element_type=\"widget\" data-e-type=\"widget\" data-widget_type=\"aixor-about-hero.default\">\n\t\t\t\t<div class=\"elementor-widget-container\">\n\t\t\t\t\t        <div class=\"hero-sec about-hero-sec\">\n            <div class=\"custom-container\">\n                <div class=\"hero-inner\">\n                                            <!-- Shape Section -->\n                        <img decoding=\"async\" class=\"hero-shape\" src=\"https:\/\/www.riscontraconsulting.mc\/wp-content\/uploads\/2024\/10\/pricing-shape1.avif\" alt=\"\">\n                    \n                    <div class=\"hero-top\">\n\n                        <div class=\"hero-top-desc\">\n                            <p><em><strong>Nous proposons des services de conseil sp\u00e9cialis\u00e9s pour optimiser votre infrastructure informatique, en am\u00e9liorant l'efficacit\u00e9, la s\u00e9curit\u00e9 et les performances de l'entreprise.<\/strong><\/em><\/p>                        <\/div>\n\n                                                    <div class=\"author-info\">\n                                                                    <h4>Danilo I.<\/h4>\n                                                                    <span>Chief Executive Officer<\/span>\n                                                            <\/div>\n                                            <\/div>\n                    <div class=\"hero-bottom\">\n                                                    <div class=\"left\">\n                                                                    <h2>IT Solution<\/h2>\n                                                                    <h2>Riscontra Consulting <\/h2>\n                                                            <\/div>\n                                                    <a href=\"https:\/\/www.riscontraconsulting.mc\/contact-rcs\/\" target=\"_blank\" rel=\"nofollow\" class=\"theme-btn\">\n                                Contact&#039;s US                                    <img decoding=\"async\" src=\"https:\/\/www.riscontraconsulting.mc\/wp-content\/uploads\/2024\/09\/btn-arrow-1.svg\" alt=\"\">                            <\/a>\n                                            <\/div>\n                <\/div>\n            <\/div>\n        <\/div>\n        \t\t\t\t<\/div>\n\t\t\t\t<\/div>\n\t\t\t\t<\/div>\n\t\t<div class=\"elementor-element elementor-element-810a975 e-con-full e-flex e-con e-parent\" data-id=\"810a975\" data-element_type=\"container\" data-e-type=\"container\">\n\t\t\t\t<div class=\"elementor-element elementor-element-3198083 elementor-widget elementor-widget-aixor-about-faq\" data-id=\"3198083\" data-element_type=\"widget\" data-e-type=\"widget\" data-widget_type=\"aixor-about-faq.default\">\n\t\t\t\t<div class=\"elementor-widget-container\">\n\t\t\t\t\t       <!-- ===== Faq Start ===== -->\n        <div class=\"faq-sec\">\n            <div class=\"section-header section-header2\">\n                                    <span class=\"section-subtitle\">\n                                                    <img decoding=\"async\" src=\"https:\/\/wpriverthemes.com\/test\/wp-content\/uploads\/2024\/07\/Union-1.svg\"\n                                 alt=\"Our Services\">\n                        Our Services                    <\/span>\n                                            <h2 class=\"section-title section-title2\">\n                            Des Solutions sur Mesure pour la , <span>R\u00e9ussite de votre Entreprise<\/span>                        <\/h2>\n                                            <p class=\"section-desc\">Des services d'experts pour rationaliser, s\u00e9curiser et am\u00e9liorer votre infrastructure informatique.<\/p>\n                                <\/div>\n\n            <!-- Faq lists -->\n            <div class=\"accordion faq-lists\" id=\"accordionExample\">\n                            <div class=\"shape_img shape_img1\">\n                    <img decoding=\"async\" src=\"https:\/\/www.riscontraconsulting.mc\/wp-content\/uploads\/2024\/10\/pricing-shape1.avif\" alt=\"\">\n                <\/div>\n                                        <div class=\"shape_img shape_img2\">\n                    <img decoding=\"async\" src=\"https:\/\/www.riscontraconsulting.mc\/wp-content\/uploads\/2024\/10\/pricing-shape2.avif\" alt=\"\">\n                <\/div>\n            \n                                <div class=\"accordion-item faq-item\">\n                        <h2 class=\"accordion-header\" id=\"headingOne\">\n                            <button class=\"accordion-button \" type=\"button\" data-bs-toggle=\"collapse\"\n                                data-bs-target=\"#collapseOne\" aria-expanded=\"true\" aria-controls=\"collapseOne\">\n                                <span class=\"number\">I.<\/span> What types of creative services do you offer? \n                                <span class=\"plus-icon\"><span><\/span><span><\/span><\/span>\n                            <\/button>\n                        <\/h2>\n                        <div id=\"collapseOne\" class=\"accordion-collapse collapse show\" aria-labelledby=\"headingOne\"\n                            data-bs-parent=\"#accordionExample\">\n                            <div class=\"accordion-body\">\n                                <p>Our agency specializes in a range of creative services including branding, graphic design, web design, digital marketing, social media management, and content creation.<\/p>\n                            <\/div>\n                        <\/div>\n                    <\/div>\n                                        <div class=\"accordion-item faq-item\">\n                        <h2 class=\"accordion-header\" id=\"headingTwo\">\n                            <button class=\"accordion-button collapsed\" type=\"button\" data-bs-toggle=\"collapse\"\n                                data-bs-target=\"#collapseTwo\" aria-expanded=\"false\" aria-controls=\"collapseTwo\">\n                                <span class=\"number\">II.<\/span> What is your typical project timeline? \n                                <span class=\"plus-icon\"><span><\/span><span><\/span><\/span>\n                            <\/button>\n                        <\/h2>\n                        <div id=\"collapseTwo\" class=\"accordion-collapse collapse \" aria-labelledby=\"headingTwo\"\n                            data-bs-parent=\"#accordionExample\">\n                            <div class=\"accordion-body\">\n                                <p>Our agency specializes in a range of creative services including branding, graphic design, web design, digital marketing, social media management, and content creation.<\/p>\n                            <\/div>\n                        <\/div>\n                    <\/div>\n                                        <div class=\"accordion-item faq-item\">\n                        <h2 class=\"accordion-header\" id=\"headingThree\">\n                            <button class=\"accordion-button collapsed\" type=\"button\" data-bs-toggle=\"collapse\"\n                                data-bs-target=\"#collapseThree\" aria-expanded=\"false\" aria-controls=\"collapseThree\">\n                                <span class=\"number\">III.<\/span> Do you offer post-launch support or maintenance? \n                                <span class=\"plus-icon\"><span><\/span><span><\/span><\/span>\n                            <\/button>\n                        <\/h2>\n                        <div id=\"collapseThree\" class=\"accordion-collapse collapse \" aria-labelledby=\"headingThree\"\n                            data-bs-parent=\"#accordionExample\">\n                            <div class=\"accordion-body\">\n                                <p>Our agency specializes in a range of creative services including branding, graphic design, web design, digital marketing, social media management, and content creation.<\/p>\n                            <\/div>\n                        <\/div>\n                    <\/div>\n                                        <div class=\"accordion-item faq-item\">\n                        <h2 class=\"accordion-header\" id=\"headingFour\">\n                            <button class=\"accordion-button collapsed\" type=\"button\" data-bs-toggle=\"collapse\"\n                                data-bs-target=\"#collapseFour\" aria-expanded=\"false\" aria-controls=\"collapseFour\">\n                                <span class=\"number\">IV.<\/span> Can you assist with both online and offline creative projects? \n                                <span class=\"plus-icon\"><span><\/span><span><\/span><\/span>\n                            <\/button>\n                        <\/h2>\n                        <div id=\"collapseFour\" class=\"accordion-collapse collapse \" aria-labelledby=\"headingFour\"\n                            data-bs-parent=\"#accordionExample\">\n                            <div class=\"accordion-body\">\n                                <p>Our agency specializes in a range of creative services including branding, graphic design, web design, digital marketing, social media management, and content creation.<\/p>\n                            <\/div>\n                        <\/div>\n                    <\/div>\n                                        <div class=\"accordion-item faq-item\">\n                        <h2 class=\"accordion-header\" id=\"headingFive\">\n                            <button class=\"accordion-button collapsed\" type=\"button\" data-bs-toggle=\"collapse\"\n                                data-bs-target=\"#collapseFive\" aria-expanded=\"false\" aria-controls=\"collapseFive\">\n                                <span class=\"number\">V.<\/span> Do your designs are tailored to each client? \n                                <span class=\"plus-icon\"><span><\/span><span><\/span><\/span>\n                            <\/button>\n                        <\/h2>\n                        <div id=\"collapseFive\" class=\"accordion-collapse collapse \" aria-labelledby=\"headingFive\"\n                            data-bs-parent=\"#accordionExample\">\n                            <div class=\"accordion-body\">\n                                <p>Our agency specializes in a range of creative services including branding, graphic design, web design, digital marketing, social media management, and content creation.<\/p>\n                            <\/div>\n                        <\/div>\n                    <\/div>\n                                        <div class=\"accordion-item faq-item\">\n                        <h2 class=\"accordion-header\" id=\"headingSix\">\n                            <button class=\"accordion-button collapsed\" type=\"button\" data-bs-toggle=\"collapse\"\n                                data-bs-target=\"#collapseSix\" aria-expanded=\"false\" aria-controls=\"collapseSix\">\n                                <span class=\"number\">VI.<\/span> How do I upgrade, downgrade, or cancel? \n                                <span class=\"plus-icon\"><span><\/span><span><\/span><\/span>\n                            <\/button>\n                        <\/h2>\n                        <div id=\"collapseSix\" class=\"accordion-collapse collapse \" aria-labelledby=\"headingSix\"\n                            data-bs-parent=\"#accordionExample\">\n                            <div class=\"accordion-body\">\n                                <p>Our agency specializes in a range of creative services including branding, graphic design, web design, digital marketing, social media management, and content creation.<\/p>\n                            <\/div>\n                        <\/div>\n                    <\/div>\n                                <\/div>\n\n            <!-- Faq Bottom -->\n            \n        <\/div>\n        <!-- ===== Faq End ===== -->\n        \t\t\t\t<\/div>\n\t\t\t\t<\/div>\n\t\t\t\t<\/div>\n\t\t\t\t<section class=\"elementor-section elementor-top-section elementor-element elementor-element-728ede4 elementor-section-full_width elementor-section-height-default elementor-section-height-default\" data-id=\"728ede4\" data-element_type=\"section\" data-e-type=\"section\">\n\t\t\t\t\t\t<div class=\"elementor-container elementor-column-gap-no\">\n\t\t\t\t\t<div class=\"elementor-column elementor-col-100 elementor-top-column elementor-element elementor-element-50b6f88\" data-id=\"50b6f88\" data-element_type=\"column\" data-e-type=\"column\">\n\t\t\t<div class=\"elementor-widget-wrap elementor-element-populated\">\n\t\t\t\t\t\t<div class=\"elementor-element elementor-element-9fb94b7 elementor-widget elementor-widget-aixor-our-partner\" data-id=\"9fb94b7\" data-element_type=\"widget\" data-e-type=\"widget\" data-widget_type=\"aixor-our-partner.default\">\n\t\t\t\t<div class=\"elementor-widget-container\">\n\t\t\t\t\t\n        <div class=\"our-partner-sec\">\n                            <ul>\n                                            <li><img decoding=\"async\" src=\"https:\/\/www.riscontraconsulting.mc\/wp-content\/uploads\/2025\/03\/dell-seeklogo-1.png\"\n                                 alt=\"DELL\"><\/li>\n                                            <li><img decoding=\"async\" src=\"https:\/\/www.riscontraconsulting.mc\/wp-content\/uploads\/2025\/03\/pngimg.com-photoshop_PNG39.png\"\n                                 alt=\"adobe\"><\/li>\n                                            <li><img decoding=\"async\" src=\"https:\/\/wpriverthemes.com\/aixor\/wp-content\/uploads\/2024\/07\/client-4.svg\"\n                                 alt=\"Stripe\"><\/li>\n                                            <li><img decoding=\"async\" src=\"https:\/\/www.riscontraconsulting.mc\/wp-content\/uploads\/2025\/03\/vmware-seeklogo.png\"\n                                 alt=\"vmware\"><\/li>\n                                            <li><img decoding=\"async\" src=\"https:\/\/wpriverthemes.com\/aixor\/wp-content\/uploads\/2024\/07\/client-5.svg\"\n                                 alt=\"Digitek\"><\/li>\n                                            <li><img decoding=\"async\" src=\"https:\/\/www.riscontraconsulting.mc\/wp-content\/uploads\/2025\/03\/veeam-software-seeklogo.png\"\n                                 alt=\"veeam\"><\/li>\n                                            <li><img decoding=\"async\" src=\"https:\/\/www.riscontraconsulting.mc\/wp-content\/uploads\/2025\/03\/logo-mailstore.png\"\n                                 alt=\"Mailstore\"><\/li>\n                                            <li><img decoding=\"async\" src=\"https:\/\/www.riscontraconsulting.mc\/wp-content\/uploads\/2025\/03\/logo-finale-KA-FF-2.png\"\n                                 alt=\"Digital Screen\"><\/li>\n                                            <li><img decoding=\"async\" src=\"https:\/\/www.riscontraconsulting.mc\/wp-content\/uploads\/2025\/03\/Cisco-logo.png\"\n                                 alt=\"Cisco\"><\/li>\n                                            <li><img decoding=\"async\" src=\"https:\/\/www.riscontraconsulting.mc\/wp-content\/uploads\/2025\/03\/Microsoft-Office-365-Logo.png\"\n                                 alt=\"microsoft\"><\/li>\n                                            <li><img decoding=\"async\" src=\"https:\/\/www.riscontraconsulting.mc\/wp-content\/uploads\/2025\/03\/Zyxel_Logo.png\"\n                                 alt=\"Zixel\"><\/li>\n                                            <li><img decoding=\"async\" src=\"https:\/\/wpriverthemes.com\/aixor\/wp-content\/uploads\/2024\/07\/client-1.svg\"\n                                 alt=\"Javast\"><\/li>\n                                            <li><img decoding=\"async\" src=\"https:\/\/www.riscontraconsulting.mc\/wp-content\/uploads\/2025\/03\/dell-seeklogo.png\"\n                                 alt=\"dell\"><\/li>\n                                            <li><img decoding=\"async\" src=\"https:\/\/wpriverthemes.com\/aixor\/wp-content\/uploads\/2024\/07\/client-4.svg\"\n                                 alt=\"Stripe\"><\/li>\n                                    <\/ul>\n                    <\/div>\n\n        \t\t\t\t<\/div>\n\t\t\t\t<\/div>\n\t\t\t\t\t<\/div>\n\t\t<\/div>\n\t\t\t\t\t<\/div>\n\t\t<\/section>\n\t\t\t\t<\/div>\n\t\t","protected":false},"excerpt":{"rendered":"<p>Nous proposons des services de conseil sp\u00e9cialis\u00e9s pour optimiser votre infrastructure informatique, en am\u00e9liorant l&#8217;efficacit\u00e9, la s\u00e9curit\u00e9 et les performances de l&#8217;entreprise. Danilo I. Chief Executive Officer IT Solution Riscontra Consulting Contact&#039;s US Our Services Des Solutions sur Mesure pour la , R\u00e9ussite de votre Entreprise Des services d&#8217;experts pour rationaliser, s\u00e9curiser et am\u00e9liorer votre [&hellip;]<\/p>\n","protected":false},"author":2,"featured_media":0,"parent":0,"menu_order":0,"comment_status":"closed","ping_status":"closed","template":"page-templates\/project.php","meta":{"om_disable_all_campaigns":false,"_monsterinsights_skip_tracking":false,"_monsterinsights_sitenote_active":false,"_monsterinsights_sitenote_note":"","_monsterinsights_sitenote_category":0,"footnotes":""},"class_list":["post-3175","page","type-page","status-publish","hentry"],"aioseo_notices":[],"_links":{"self":[{"href":"https:\/\/www.riscontraconsulting.mc\/fr\/wp-json\/wp\/v2\/pages\/3175","targetHints":{"allow":["GET"]}}],"collection":[{"href":"https:\/\/www.riscontraconsulting.mc\/fr\/wp-json\/wp\/v2\/pages"}],"about":[{"href":"https:\/\/www.riscontraconsulting.mc\/fr\/wp-json\/wp\/v2\/types\/page"}],"author":[{"embeddable":true,"href":"https:\/\/www.riscontraconsulting.mc\/fr\/wp-json\/wp\/v2\/users\/2"}],"replies":[{"embeddable":true,"href":"https:\/\/www.riscontraconsulting.mc\/fr\/wp-json\/wp\/v2\/comments?post=3175"}],"version-history":[{"count":0,"href":"https:\/\/www.riscontraconsulting.mc\/fr\/wp-json\/wp\/v2\/pages\/3175\/revisions"}],"wp:attachment":[{"href":"https:\/\/www.riscontraconsulting.mc\/fr\/wp-json\/wp\/v2\/media?parent=3175"}],"curies":[{"name":"wp","href":"https:\/\/api.w.org\/{rel}","templated":true}]}}